{"id":17,"date":"2016-04-17T20:18:31","date_gmt":"2016-04-17T20:18:31","guid":{"rendered":"http:\/\/www.godes-test-site.com\/crown\/?page_id=17"},"modified":"2017-03-23T13:53:11","modified_gmt":"2017-03-23T13:53:11","slug":"about-chris","status":"publish","type":"page","link":"https:\/\/crownexecutiveservices.com\/spanish\/about-chris\/","title":{"rendered":"la Compa\u00f1ia"},"content":{"rendered":"<p>Crown es una Empresa Consultora de Negocios (Ventas y Marketing) creada en 1997, con proyectos, clientes y socios, actualmente operativa en 22 ciudades (6 pa\u00edses), con nuestros clientes un total combinado de \u20ac41 mil millones de productos hasta la fecha.<\/p>\n<p>&nbsp;<\/p>\n<p>Nuestra visi\u00f3n es clara: ser la empresa l\u00edder en innovaci\u00f3n en ventas y soluciones de marketing, aumentando los ingresos de nuestros clientes a trav\u00e9s tanto de la identificaci\u00f3n de nuevas oportunidades de negocio como de la reducci\u00f3n de riesgos (financieros, legales, coste salarial, etc). Es decir, fortaleci\u00e9ndoles para incrementar sus negocios, creando empleo y consolidando el crecimiento econ\u00f3mico.<\/p>\n<p>&nbsp;<\/p>\n<p>Con independencia del sector, Crown es capaz de identificar \u00e1reas de crecimiento y de limitar la exposici\u00f3n al riesgo, permitiendo obtener mejores resultados en la cuenta de explotaci\u00f3n. Hemos desarrollado con \u00e9xito esta actividad durante 18 a\u00f1os para Compa\u00f1\u00edas de m\u00faltiples sectores (desde promotoras inmobiliarias hasta empresas de comunicaciones comerciales, desde bares y restaurantes hasta lanzamiento de nuevos productos. Con independencia del sector, del tama\u00f1o y de las particularidades de su empresa, permita que Crown le muestre una mejor manera de avanzar.<\/p>\n<p>&nbsp;<\/p>\n<p>&nbsp;<\/p>\n","protected":false},"excerpt":{"rendered":"<p>Crown es una Empresa Consultora de Negocios (Ventas y Marketing) creada en 1997, con proyectos, clientes y socios, actualmente operativa en 22 ciudades (6 pa\u00edses), con nuestros clientes un total combinado de \u20ac41 mil millones de productos hasta la fecha. &nbsp; Nuestra visi\u00f3n es clara: ser la empresa l\u00edder en innovaci\u00f3n en ventas y soluciones [&hellip;]<\/p>\n","protected":false},"author":1,"featured_media":0,"parent":0,"menu_order":0,"comment_status":"closed","ping_status":"closed","template":"","meta":{"footnotes":""},"class_list":["post-17","page","type-page","status-publish","hentry"],"_links":{"self":[{"href":"https:\/\/crownexecutiveservices.com\/spanish\/wp-json\/wp\/v2\/pages\/17","targetHints":{"allow":["GET"]}}],"collection":[{"href":"https:\/\/crownexecutiveservices.com\/spanish\/wp-json\/wp\/v2\/pages"}],"about":[{"href":"https:\/\/crownexecutiveservices.com\/spanish\/wp-json\/wp\/v2\/types\/page"}],"author":[{"embeddable":true,"href":"https:\/\/crownexecutiveservices.com\/spanish\/wp-json\/wp\/v2\/users\/1"}],"replies":[{"embeddable":true,"href":"https:\/\/crownexecutiveservices.com\/spanish\/wp-json\/wp\/v2\/comments?post=17"}],"version-history":[{"count":18,"href":"https:\/\/crownexecutiveservices.com\/spanish\/wp-json\/wp\/v2\/pages\/17\/revisions"}],"predecessor-version":[{"id":293,"href":"https:\/\/crownexecutiveservices.com\/spanish\/wp-json\/wp\/v2\/pages\/17\/revisions\/293"}],"wp:attachment":[{"href":"https:\/\/crownexecutiveservices.com\/spanish\/wp-json\/wp\/v2\/media?parent=17"}],"curies":[{"name":"wp","href":"https:\/\/api.w.org\/{rel}","templated":true}]}}