{"id":106,"date":"2017-01-27T18:37:49","date_gmt":"2017-01-27T18:37:49","guid":{"rendered":"http:\/\/www.godes-test-site.com\/crown\/?page_id=106"},"modified":"2017-03-22T18:46:21","modified_gmt":"2017-03-22T18:46:21","slug":"philosophy","status":"publish","type":"page","link":"https:\/\/crownexecutiveservices.com\/spanish\/philosophy\/","title":{"rendered":"FILOSOF\u00cdA"},"content":{"rendered":"<p>Hacer lo que decimos que haremos y lograr los resultados que nos propusimos.<\/p>\n<p>&nbsp;<\/p>\n<p>Nuestra manera de conseguir los resultados previstos est\u00e1 basada en comprender mejor que los dem\u00e1s la sicolog\u00eda del cliente final. Precisamente los resultados de negocio globalmente reconocido por las m\u00e1s importantes compa\u00f1\u00edas inversoras, empresas de desarrollo y bancos internacionales. Crown analizar\u00e1 sus proyectos destacando las \u00e1reas potencialmente rentables y explorando en profundidad la viabilidad de las posibles acciones, en funci\u00f3n de las caracter\u00edsticas singulares de su cliente objetivo. Entonces decidiremos en com\u00fan cu\u00e1les son los objetivos alcanzables. Es importante se\u00f1alar que, si estos objetivos finalmente no se logran, Crown renunciar\u00e1 a sus honorarios de consultor\u00eda. Ponemos nuestro dinero donde est\u00e1 nuestra boca y hemos demostrado que as\u00ed lo hacemos, una vez tras otra, durante m\u00e1s de dieciocho a\u00f1os, con independencia del sector, de las dificultades y de las posibles ineficiencias de los procedimientos de los departamentos de ventas y marketing.<\/p>\n<p>&nbsp;<\/p>\n<p>Esto es lo que nuestra filosof\u00eda pone en pr\u00e1ctica, a partir de las palabras de uno de nuestros clientes:<\/p>\n<p>&nbsp;<\/p>\n<p><em>\u00a0\u201cEn Hines estamos siempre explorando el mundo en b\u00fasqueda de nuevas ideas y \u00f3ptimas maneras de trabajar, con la finalidad de adoptarlas y adaptarlas a nuestros procedimientos. Antes de comenzar nuestra actividad en el sector residencial en Mil\u00e1n (www.porta-nuova.com), visitamos una amplia variedad de nuevas promociones residenciales en diferentes pa\u00edses para tomar conciencia del \u201cestado del arte\u201d en cuanto a forma de operar y a oferta de productos. Conocimos Crown precisamente en esa fase y nos impresionaron sus conocimientos tanto de la din\u00e1mica como de la sociolog\u00eda de las ventas.<\/em><\/p>\n<p>&nbsp;<\/p>\n<p><em>Contar con Crown como colaborador en Mil\u00e1n comport\u00f3 la asunci\u00f3n de un riesgo calculado (no ten\u00edan experiencia previa en la ciudad, en el mercado local ni en las particularidades de la venta en Italia), pero aportaban una particular manera de ver las cosas y nosotros pretend\u00edamos agitar la convencionalidad del sector. Crown aport\u00f3 tremenda creatividad, infinidad de ideas novedosas, flexibilidad y paciencia para ayudarnos a conformar un modelo de enfoque internacional. Crown colabor\u00f3 con nosotros hombro con hombro en la implementaci\u00f3n completa del modelo (marketing, establecimiento de precios, formaci\u00f3n en ventas y gesti\u00f3n del departamento comercial) y acude en nuestra ayuda siempre que consideramos importante controlar el correcto desarrollo de la actividad. En cada visita constatamos el dinamismo de enfoque y la habilidad de adaptaci\u00f3n caracter\u00edsticos de Crown.<\/em><\/p>\n<p>&nbsp;<\/p>\n<p><em>Por tanto, sinceramente puedo respaldar tanto las credenciales de Crown como la calidad de sus conocimientos, filosof\u00eda y personalidad. Y, por encima de todo, \u00a1puedo asegurarles que trabajar con Crown es un verdadero placer!\u201d<\/em><\/p>\n<p>&nbsp;<\/p>\n<p>\u2013Jay Wyper (Director General de Hines Europe)<\/p>\n<p>&nbsp;<\/p>\n<p>En Crown valoramos su negocio en la medida en la que usted valora su negocio. Nos encantar\u00eda tener la oportunidad de trabajar para su organizaci\u00f3n en el futuro e impulsar su negocio a un nivel superior.<\/p>\n<p>&nbsp;<\/p>\n<p>&nbsp;<\/p>\n","protected":false},"excerpt":{"rendered":"<p>Hacer lo que decimos que haremos y lograr los resultados que nos propusimos. &nbsp; Nuestra manera de conseguir los resultados previstos est\u00e1 basada en comprender mejor que los dem\u00e1s la sicolog\u00eda del cliente final. Precisamente los resultados de negocio globalmente reconocido por las m\u00e1s importantes compa\u00f1\u00edas inversoras, empresas de desarrollo y bancos internacionales. Crown analizar\u00e1 [&hellip;]<\/p>\n","protected":false},"author":1,"featured_media":0,"parent":0,"menu_order":0,"comment_status":"closed","ping_status":"closed","template":"","meta":{"footnotes":""},"class_list":["post-106","page","type-page","status-publish","hentry"],"_links":{"self":[{"href":"https:\/\/crownexecutiveservices.com\/spanish\/wp-json\/wp\/v2\/pages\/106","targetHints":{"allow":["GET"]}}],"collection":[{"href":"https:\/\/crownexecutiveservices.com\/spanish\/wp-json\/wp\/v2\/pages"}],"about":[{"href":"https:\/\/crownexecutiveservices.com\/spanish\/wp-json\/wp\/v2\/types\/page"}],"author":[{"embeddable":true,"href":"https:\/\/crownexecutiveservices.com\/spanish\/wp-json\/wp\/v2\/users\/1"}],"replies":[{"embeddable":true,"href":"https:\/\/crownexecutiveservices.com\/spanish\/wp-json\/wp\/v2\/comments?post=106"}],"version-history":[{"count":8,"href":"https:\/\/crownexecutiveservices.com\/spanish\/wp-json\/wp\/v2\/pages\/106\/revisions"}],"predecessor-version":[{"id":281,"href":"https:\/\/crownexecutiveservices.com\/spanish\/wp-json\/wp\/v2\/pages\/106\/revisions\/281"}],"wp:attachment":[{"href":"https:\/\/crownexecutiveservices.com\/spanish\/wp-json\/wp\/v2\/media?parent=106"}],"curies":[{"name":"wp","href":"https:\/\/api.w.org\/{rel}","templated":true}]}}