{"id":100,"date":"2017-01-27T18:33:25","date_gmt":"2017-01-27T18:33:25","guid":{"rendered":"http:\/\/www.godes-test-site.com\/crown\/?page_id=100"},"modified":"2017-03-23T13:52:02","modified_gmt":"2017-03-23T13:52:02","slug":"meet-the-founder","status":"publish","type":"page","link":"https:\/\/crownexecutiveservices.com\/spanish\/meet-the-founder\/","title":{"rendered":"Conocer al fundador"},"content":{"rendered":"<p><img loading=\"lazy\" decoding=\"async\" class=\"alignleft wp-image-192 size-medium\" src=\"http:\/\/crownexecutiveservices.com\/spanish\/wp-content\/uploads\/2017\/01\/20140819_190623_Android-1-202x300.jpg\" width=\"202\" height=\"300\" srcset=\"https:\/\/crownexecutiveservices.com\/spanish\/wp-content\/uploads\/2017\/01\/20140819_190623_Android-1-202x300.jpg 202w, https:\/\/crownexecutiveservices.com\/spanish\/wp-content\/uploads\/2017\/01\/20140819_190623_Android-1.jpg 350w\" sizes=\"auto, (max-width: 202px) 100vw, 202px\" \/><\/p>\n<p>Ser un emprendedor est\u00e1 en la esencia m\u00e1s profunda de nuestro fundador, Chris Stiebler, pero el adjetivo no lo definir\u00eda con total precisi\u00f3n. Por definici\u00f3n, un emprendedor es una persona que asumiendo riesgos financieros con la esperanza de obtener beneficios econ\u00f3micos. Cualquiera que conozca a Chris le dir\u00e1 que su aportaci\u00f3n de valor a sus clientes est\u00e1 basada m\u00e1s en ayudar a explotar el potencial latente que poner el foco en la obtenci\u00f3n de beneficios a corto plazo.<\/p>\n<p>&nbsp;<\/p>\n<p><em>\u201cTengo la convicci\u00f3n de que cada persona naci\u00f3 con habilidades \u00fanicas y que todos nosotros tenemos la oportunidad de hacer grandes cosas. Estas oportunidades a menudo se convierten en maneras de beneficiar a la humanidad incluso sin tomar conciencia de ello. Cuando tengas dudas sobre cu\u00e1les deber\u00edan ser tus prop\u00f3sitos, haz caso a lo que m\u00e1s pasi\u00f3n despierte en ti\u2026 para m\u00ed es ayudar a tanta gente como pueda a alcanzar sus sue\u00f1os. La mayor\u00eda de mis clientes tienen grandes ideas y est\u00e1n apasionados con sus negocios, pero les falta el nivel de conocimiento necesario para alcanzar un nivel superior. Me siento extremadamente dichoso de poseer una habilidad que me permite identificar aspectos estrat\u00e9gicos comunes a TODOS los negocios, con independencia del sector, que me permiten visualizar claramente las acciones necesarias para alcanzar sus objetivos. Si perseverar en actuar correctamente y marcar la diferencia son tus principales objetivos, los beneficios acabar\u00e1n encontr\u00e1ndote\u201d.<\/em><\/p>\n<p>&nbsp;<\/p>\n<p><em>\u00a0<\/em><\/p>\n<p>La convicci\u00f3n en la integridad, la transparencia en la forma de trabajar y un inquebrantable optimismo son los valores esenciales sobre los que Chris construy\u00f3 los cimientos de Crown.\u00a0 Pasar un rato con Chris te permitir\u00e1 darte cuenta de que la familia, los amigos y las creencias son para \u00e9l lo m\u00e1s importante. Cuando no est\u00e1 trabajando, bien en <a href=\"http:\/\/crownexecutiveservices.com\/spanish\/experience\/\">proyectos<\/a> bien en <a href=\"http:\/\/crownexecutiveservices.com\/spanish\/philanthropic\/\">ideas filantr\u00f3picas<\/a>, lo encontrar\u00e1s envuelto en alguna actividad o deporte extremos, poniendo a prueba sus l\u00edmites para sacarle el m\u00e1ximo partido a la vida.<\/p>\n<p>&nbsp;<\/p>\n<p>&nbsp;<\/p>\n<p>&nbsp;<\/p>\n","protected":false},"excerpt":{"rendered":"<p>Ser un emprendedor est\u00e1 en la esencia m\u00e1s profunda de nuestro fundador, Chris Stiebler, pero el adjetivo no lo definir\u00eda con total precisi\u00f3n. Por definici\u00f3n, un emprendedor es una persona que asumiendo riesgos financieros con la esperanza de obtener beneficios econ\u00f3micos. Cualquiera que conozca a Chris le dir\u00e1 que su aportaci\u00f3n de valor a sus [&hellip;]<\/p>\n","protected":false},"author":1,"featured_media":0,"parent":0,"menu_order":0,"comment_status":"closed","ping_status":"closed","template":"","meta":{"footnotes":""},"class_list":["post-100","page","type-page","status-publish","hentry"],"_links":{"self":[{"href":"https:\/\/crownexecutiveservices.com\/spanish\/wp-json\/wp\/v2\/pages\/100","targetHints":{"allow":["GET"]}}],"collection":[{"href":"https:\/\/crownexecutiveservices.com\/spanish\/wp-json\/wp\/v2\/pages"}],"about":[{"href":"https:\/\/crownexecutiveservices.com\/spanish\/wp-json\/wp\/v2\/types\/page"}],"author":[{"embeddable":true,"href":"https:\/\/crownexecutiveservices.com\/spanish\/wp-json\/wp\/v2\/users\/1"}],"replies":[{"embeddable":true,"href":"https:\/\/crownexecutiveservices.com\/spanish\/wp-json\/wp\/v2\/comments?post=100"}],"version-history":[{"count":16,"href":"https:\/\/crownexecutiveservices.com\/spanish\/wp-json\/wp\/v2\/pages\/100\/revisions"}],"predecessor-version":[{"id":292,"href":"https:\/\/crownexecutiveservices.com\/spanish\/wp-json\/wp\/v2\/pages\/100\/revisions\/292"}],"wp:attachment":[{"href":"https:\/\/crownexecutiveservices.com\/spanish\/wp-json\/wp\/v2\/media?parent=100"}],"curies":[{"name":"wp","href":"https:\/\/api.w.org\/{rel}","templated":true}]}}