{"id":106,"date":"2017-01-27T18:37:49","date_gmt":"2017-01-27T18:37:49","guid":{"rendered":"http:\/\/www.godes-test-site.com\/crown\/?page_id=106"},"modified":"2017-03-20T18:16:12","modified_gmt":"2017-03-20T18:16:12","slug":"philosophy","status":"publish","type":"page","link":"https:\/\/crownexecutiveservices.com\/italiano\/philosophy\/","title":{"rendered":"La Filosofia"},"content":{"rendered":"<p>Di mettere in atto ci\u00f2 che diciamo che avremmo fatto e di raggiungere i risultati che ci prefiggiamo.<\/p>\n<p>&nbsp;<\/p>\n<p>Raggiungiamo i risultati conoscendo meglio degli altri la psicologia del cliente finale. Infatti, i nostri risultati \u00e8 stato globalmente riconosciuto dalle pi\u00f9 importanti imprese: societ\u00e0 di investimento, sviluppatori immobiliari, e banche internazionali.<\/p>\n<p>&nbsp;<\/p>\n<p>Crown analizza un progetto, delinea le aree di profitto e determina lo studio di fattibilit\u00e0 del piano basandosi sul profilo psicologico del cliente che intendi raggiungere. Assieme poi determineremo i risultati ottenibili, il raggiungimento dei quali \u00e8 per Crown condizione vincolante per richiedere la propria parcella.<\/p>\n<p>&nbsp;<\/p>\n<p>Ci piace dire che significa mettere in atto ci\u00f2 in cui crediamo e l&#8217;abbiamo provato ripetutamente negli ultimi 18 anni, indipendentemente dal settore, le difficolt\u00e0 e i fallimenti di chi ci aveva preceduto.<\/p>\n<p>&nbsp;<\/p>\n<p>Ecco ci\u00f2 che la nostra filosofia di mettere in pratica, dalle parole di uno dei nostri clienti:<\/p>\n<p>&nbsp;<\/p>\n<p>\u201c<em>Hines \u00e8 sempre in cerca di nuove idee e &#8220;Best Practices&#8221; nel mondo, da adottare e adattare ai suoi progetti. Prima di dedicarci all&#8217;area residenziale di grande sviluppo immobiliare a Milano (<\/em><a href=\"http:\/\/www.porta-nuova.com\"><em>www.porta-nuova.com<\/em><\/a><em>), abbiamo fatto sopralluoghi in diversi insediamenti abitativi di nuova realizzazione in altri Paesi, per identificare le migliori pratiche di valorizzazione, percorso durante il quale, abbiamo incontrato Crown, rimanendo profondamente colpiti dalla loro conoscenza delle dinamiche sociologiche della vendita.<\/em><\/p>\n<p>&nbsp;<\/p>\n<p><em>Portare Crown a Milano \u00e8 stato un rischio calcolato. Non avevano mai trascorso del tempo in citt\u00e0 e non conoscevano il mercato, non avevano mai venduto un singolo prodotto in italia ma\u00a0 hanno portato con s\u00e8 un &#8220;approccio&#8221; e noi abbiamo voluto scuotere lo &#8220;status quo&#8221;.<\/em><\/p>\n<p>&nbsp;<\/p>\n<p><em>Crown ha portato eccezionale creativit\u00e0, un flusso costante di nuove idee, flessibilit\u00e0 e pazienza e ci siamo occupati di dar forma ad un approccio internazionale. Successivamente, durante l&#8217;esercizio delle sue competenze (marketing, determinazione prezzi, formazione e direzione forza vendite), Crown ha collaborato con noi come on-call advisor e continua, su nostra richiesta, a fare check-up periodici. Ogni visita di Crown riconferma il loro approccio dinamico e la loro capacit\u00e0 di adattamento.<\/em><\/p>\n<p>&nbsp;<\/p>\n<p><em>Quindi, per questi motivi, posso sinceramente garantirvi le qualit\u00e0 di Crown, il carattere, il pensiero e la filosofia che vi sono dietro.<\/em><\/p>\n<p>&nbsp;<\/p>\n<p><em>Inoltre, \u00e8 un piacere lavorare con Crown\u201d <\/em><\/p>\n<p>&nbsp;<\/p>\n<p>\u2013 Jay Wyper, Direttore generale di Hines, Europe<\/p>\n<p>&nbsp;<\/p>\n<p>&nbsp;<\/p>\n<p>Noi di Crown valorizziamo il tuo business come fosse il nostro, non vediamo l&#8217;ora di poter collaborare con la vostra organizzazione e farla crescere portandola a livelli sempre pi\u00f9 elevati!<\/p>\n<p>&nbsp;<\/p>\n<p>&nbsp;<\/p>\n","protected":false},"excerpt":{"rendered":"<p>Di mettere in atto ci\u00f2 che diciamo che avremmo fatto e di raggiungere i risultati che ci prefiggiamo. &nbsp; Raggiungiamo i risultati conoscendo meglio degli altri la psicologia del cliente finale. Infatti, i nostri risultati \u00e8 stato globalmente riconosciuto dalle pi\u00f9 importanti imprese: societ\u00e0 di investimento, sviluppatori immobiliari, e banche internazionali. &nbsp; Crown analizza un [&hellip;]<\/p>\n","protected":false},"author":1,"featured_media":0,"parent":0,"menu_order":0,"comment_status":"closed","ping_status":"closed","template":"","meta":{"footnotes":""},"class_list":["post-106","page","type-page","status-publish","hentry"],"_links":{"self":[{"href":"https:\/\/crownexecutiveservices.com\/italiano\/wp-json\/wp\/v2\/pages\/106","targetHints":{"allow":["GET"]}}],"collection":[{"href":"https:\/\/crownexecutiveservices.com\/italiano\/wp-json\/wp\/v2\/pages"}],"about":[{"href":"https:\/\/crownexecutiveservices.com\/italiano\/wp-json\/wp\/v2\/types\/page"}],"author":[{"embeddable":true,"href":"https:\/\/crownexecutiveservices.com\/italiano\/wp-json\/wp\/v2\/users\/1"}],"replies":[{"embeddable":true,"href":"https:\/\/crownexecutiveservices.com\/italiano\/wp-json\/wp\/v2\/comments?post=106"}],"version-history":[{"count":6,"href":"https:\/\/crownexecutiveservices.com\/italiano\/wp-json\/wp\/v2\/pages\/106\/revisions"}],"predecessor-version":[{"id":267,"href":"https:\/\/crownexecutiveservices.com\/italiano\/wp-json\/wp\/v2\/pages\/106\/revisions\/267"}],"wp:attachment":[{"href":"https:\/\/crownexecutiveservices.com\/italiano\/wp-json\/wp\/v2\/media?parent=106"}],"curies":[{"name":"wp","href":"https:\/\/api.w.org\/{rel}","templated":true}]}}