{"id":100,"date":"2017-01-27T18:33:25","date_gmt":"2017-01-27T18:33:25","guid":{"rendered":"http:\/\/www.godes-test-site.com\/crown\/?page_id=100"},"modified":"2017-03-20T18:09:55","modified_gmt":"2017-03-20T18:09:55","slug":"meet-the-founder","status":"publish","type":"page","link":"https:\/\/crownexecutiveservices.com\/italiano\/meet-the-founder\/","title":{"rendered":"Incontrare il Fondatore"},"content":{"rendered":"<p><img loading=\"lazy\" decoding=\"async\" class=\"alignleft wp-image-192 size-medium\" src=\"http:\/\/crownexecutiveservices.com\/italiano\/wp-content\/uploads\/2017\/01\/20140819_190623_Android-1-202x300.jpg\" width=\"202\" height=\"300\" srcset=\"https:\/\/crownexecutiveservices.com\/italiano\/wp-content\/uploads\/2017\/01\/20140819_190623_Android-1-202x300.jpg 202w, https:\/\/crownexecutiveservices.com\/italiano\/wp-content\/uploads\/2017\/01\/20140819_190623_Android-1.jpg 350w\" sizes=\"auto, (max-width: 202px) 100vw, 202px\" \/><\/p>\n<p>Essere un imprenditore \u00e8 il fulcro dell&#8217;attivit\u00e0 del nostro fondatore Chris Stiebler, ma solo questo non lo descriverebbe accuratamente. Per definizione un imprenditore \u00e8 una persona che crea o gestisce una o pi\u00f9 societ\u00e0, assumendosi il cosiddetto rischio d&#8217;impresa nella speranza di un ritorno economico positivo. Chiunque conosca Chris Stieblier vi dir\u00e0 che gli sta molto pi\u00f9 a cuore aiutare gli altri a raggiungere il proprio massimo potenziale, che avere un ritorno economico.<\/p>\n<p>&nbsp;<\/p>\n<p><em>\u201cSono convinto che ogni persona nasca con doni unici e speciali e che tutti noi abbiamo la possibilit\u00e0 di fare grandi cose. Spesso queste opportunit\u00e0 si traducono in occasioni per fare del bene, in azioni positive in senso umanitario senza che ce ne rendiamo nemmeno conto.<\/em><\/p>\n<p>&nbsp;<\/p>\n<p><em>Quando sei in dubbio su quale possa esser il tuo scopo nella vita scegli sempre ci\u00f2 che ti appassiona di pi\u00f9. Nel mio caso ci\u00f2 si traduce nell\u2019 aiutare pi\u00f9 persone che posso a raggiungere i propri obiettivi.<\/em><\/p>\n<p>&nbsp;<\/p>\n<p><em>La maggior parte dei miei clienti hanno ottime idee e sono appassionati al proprio business ma non dispongono delle competenze necessarie per farlo crescere.Mi sento molto gratificato nel riuscire ad identificare il format che si applica efficacemente ad ogni business, al di l\u00e0 del settore,\u00a0 e indica chiaramente la strada verso l&#8217;obiettivo.<\/em><\/p>\n<p>&nbsp;<\/p>\n<p><em>Quando &#8220;far la cosa giusta&#8221; e &#8220;far la differenza&#8221; sono i tuoi obiettivi, i ricavi non tarderanno ad arrivare.\u201d<\/em><\/p>\n<p><em>\u00a0<\/em><\/p>\n<p>Integrit\u00e0, trasparenza ed un fermo ottimismo sono valori che Chris ha voluto infondere nella creazione di Crown.<\/p>\n<p>&nbsp;<\/p>\n<p>Trascorri del tempo con lui e scoprirai che la famiglia, gli amici e la fede sono le sue priorit\u00e0.<\/p>\n<p>&nbsp;<\/p>\n<p>Quando non lavora a qualche <a href=\"http:\/\/crownexecutiveservices.com\/italiano\/experience\/\">progetto<\/a> o <a href=\"http:\/\/crownexecutiveservices.com\/italiano\/philanthropic\/\">idee filantropicheche<\/a> lo troverai impegnato in attivit\u00e0 o sport estremi, in cerca di stimoli e sempre sfidando i propri limiti.<\/p>\n<p>&nbsp;<\/p>\n<p>&nbsp;<\/p>\n","protected":false},"excerpt":{"rendered":"<p>Essere un imprenditore \u00e8 il fulcro dell&#8217;attivit\u00e0 del nostro fondatore Chris Stiebler, ma solo questo non lo descriverebbe accuratamente. Per definizione un imprenditore \u00e8 una persona che crea o gestisce una o pi\u00f9 societ\u00e0, assumendosi il cosiddetto rischio d&#8217;impresa nella speranza di un ritorno economico positivo. Chiunque conosca Chris Stieblier vi dir\u00e0 che gli sta [&hellip;]<\/p>\n","protected":false},"author":1,"featured_media":0,"parent":0,"menu_order":0,"comment_status":"closed","ping_status":"closed","template":"","meta":{"footnotes":""},"class_list":["post-100","page","type-page","status-publish","hentry"],"_links":{"self":[{"href":"https:\/\/crownexecutiveservices.com\/italiano\/wp-json\/wp\/v2\/pages\/100","targetHints":{"allow":["GET"]}}],"collection":[{"href":"https:\/\/crownexecutiveservices.com\/italiano\/wp-json\/wp\/v2\/pages"}],"about":[{"href":"https:\/\/crownexecutiveservices.com\/italiano\/wp-json\/wp\/v2\/types\/page"}],"author":[{"embeddable":true,"href":"https:\/\/crownexecutiveservices.com\/italiano\/wp-json\/wp\/v2\/users\/1"}],"replies":[{"embeddable":true,"href":"https:\/\/crownexecutiveservices.com\/italiano\/wp-json\/wp\/v2\/comments?post=100"}],"version-history":[{"count":12,"href":"https:\/\/crownexecutiveservices.com\/italiano\/wp-json\/wp\/v2\/pages\/100\/revisions"}],"predecessor-version":[{"id":262,"href":"https:\/\/crownexecutiveservices.com\/italiano\/wp-json\/wp\/v2\/pages\/100\/revisions\/262"}],"wp:attachment":[{"href":"https:\/\/crownexecutiveservices.com\/italiano\/wp-json\/wp\/v2\/media?parent=100"}],"curies":[{"name":"wp","href":"https:\/\/api.w.org\/{rel}","templated":true}]}}